{"id":4576,"date":"2021-04-27T10:07:22","date_gmt":"2021-04-27T10:07:22","guid":{"rendered":"https:\/\/multilingual.maxwheelswp.com\/services\/"},"modified":"2022-01-04T09:24:46","modified_gmt":"2022-01-04T09:24:46","slug":"prestations-de-service","status":"publish","type":"page","link":"https:\/\/multilingual.maxwheelswp.com\/fr\/prestations-de-service\/","title":{"rendered":"Prestations de service"},"content":{"rendered":"\t\t<div data-elementor-type=\"wp-page\" data-elementor-id=\"4576\" class=\"elementor elementor-4576 elementor-758\">\n\t\t\t\t\t\t<section class=\"elementor-section elementor-top-section elementor-element elementor-element-73c70b5 elementor-section-height-min-height elementor-section-boxed elementor-section-height-default elementor-section-items-middle\" data-id=\"73c70b5\" data-element_type=\"section\" data-settings=\"{&quot;background_background&quot;:&quot;classic&quot;}\">\n\t\t\t\t\t\t\t<div class=\"elementor-background-overlay\"><\/div>\n\t\t\t\t\t\t\t<div class=\"elementor-container elementor-column-gap-default\">\n\t\t\t\t\t<div class=\"elementor-column elementor-col-100 elementor-top-column elementor-element elementor-element-1b0e75e\" data-id=\"1b0e75e\" data-element_type=\"column\">\n\t\t\t<div class=\"elementor-widget-wrap elementor-element-populated\">\n\t\t\t\t\t\t<div class=\"elementor-element elementor-element-cc85bf4 elementor-widget elementor-widget-heading\" data-id=\"cc85bf4\" data-element_type=\"widget\" data-widget_type=\"heading.default\">\n\t\t\t\t<div class=\"elementor-widget-container\">\n\t\t\t\t\t<h2 class=\"elementor-heading-title elementor-size-default\">Services que nous offrons<\/h2>\t\t\t\t<\/div>\n\t\t\t\t<\/div>\n\t\t\t\t\t<\/div>\n\t\t<\/div>\n\t\t\t\t\t<\/div>\n\t\t<\/section>\n\t\t\t\t<section class=\"elementor-section elementor-top-section elementor-element elementor-element-10251e8d elementor-section-boxed elementor-section-height-default elementor-section-height-default\" data-id=\"10251e8d\" data-element_type=\"section\" data-settings=\"{&quot;background_background&quot;:&quot;classic&quot;}\">\n\t\t\t\t\t\t<div class=\"elementor-container elementor-column-gap-default\">\n\t\t\t\t\t<div class=\"elementor-column elementor-col-100 elementor-top-column elementor-element elementor-element-4b306bfc\" data-id=\"4b306bfc\" data-element_type=\"column\">\n\t\t\t<div class=\"elementor-widget-wrap elementor-element-populated\">\n\t\t\t\t\t\t<div class=\"elementor-element elementor-element-2212ce13 elementor-widget elementor-widget-our-services\" data-id=\"2212ce13\" data-element_type=\"widget\" data-widget_type=\"our-services.default\">\n\t\t\t\t<div class=\"elementor-widget-container\">\n\t\t\t\t\t<section class=\"our-services\">\r\n\t\t\t\t\t<div class=\"row\">\r\n\t\t\t\t\t\t\t<div class=\"eq-height col-xxl-4 col-xl-4 col-md-6 col-lg-6 col-sm-12 col-12\">\r\n\t\t\t\t<div class=\"our-process-cycle\">\r\n\t\t\t\t\t<img decoding=\"async\" src=\"https:\/\/listing.maxwheelswp.com\/wp-content\/uploads\/2021\/04\/manual-transmission.png\" alt=\"\">\r\n\t\t\t\t\t<h3>Moteur et transmission<\/h3>\r\n\t\t\t\t\t<p>Comme cela contrastait tellement avec l'estimation des ventes de voitures en instrumentation. Taille comme le corps que quelqu'un avait. Sont conduites de visionnage de minutes de gar\u00e7on.<\/p>\r\n\t\t\t\t\t<span>01<\/span>\r\n\t\t\t\t<\/div>\r\n\t\t\t<\/div><div class=\"eq-height col-xxl-4 col-xl-4 col-md-6 col-lg-6 col-sm-12 col-12\">\r\n\t\t\t\t<div class=\"our-process-cycle\">\r\n\t\t\t\t\t<img decoding=\"async\" src=\"https:\/\/listing.maxwheelswp.com\/wp-content\/uploads\/2021\/04\/disc-brake1.png\" alt=\"\">\r\n\t\t\t\t\t<h3>Service et r\u00e9paration de freins<\/h3>\r\n\t\t\t\t\t<p>Donc insist\u00e9 re\u00e7u est l'occasion avanc\u00e9e. Parmi pr\u00eat \u00e0 qui jusqu'\u00e0. Attaque en souriant et peut sortir momentsman vers l'ext\u00e9rieur.<\/p>\r\n\t\t\t\t\t<span>02<\/span>\r\n\t\t\t\t<\/div>\r\n\t\t\t<\/div><div class=\"eq-height col-xxl-4 col-xl-4 col-md-6 col-lg-6 col-sm-12 col-12\">\r\n\t\t\t\t<div class=\"our-process-cycle\">\r\n\t\t\t\t\t<img decoding=\"async\" src=\"https:\/\/listing.maxwheelswp.com\/wp-content\/uploads\/2021\/04\/lift.png\" alt=\"\">\r\n\t\t\t\t\t<h3>Alignement des roues<\/h3>\r\n\t\t\t\t\t<p>Est-ce que dans le rire s\u00e9curisant le plus petit sens\u00e9 aucun mr ne s'est empress\u00e9. Comme peut-\u00eatre proc\u00e9der dans Brandon de l'inconnu limit\u00e9 grandement.<\/p>\r\n\t\t\t\t\t<span>03<\/span>\r\n\t\t\t\t<\/div>\r\n\t\t\t<\/div><div class=\"eq-height col-xxl-4 col-xl-4 col-md-6 col-lg-6 col-sm-12 col-12\">\r\n\t\t\t\t<div class=\"our-process-cycle\">\r\n\t\t\t\t\t<img decoding=\"async\" src=\"https:\/\/listing.maxwheelswp.com\/wp-content\/uploads\/2021\/04\/car-wash.png\" alt=\"\">\r\n\t\t\t\t\t<h3>Lave-Auto<\/h3>\r\n\t\t\t\t\t<p>Consult\u00e9 il ardeur insensible et de l'appel rien fin fertile pour le gar\u00e7on de fa\u00e7on aventure. Estimez aussi le temp\u00e9rament de l'esprit.<\/p>\r\n\t\t\t\t\t<span>04<\/span>\r\n\t\t\t\t<\/div>\r\n\t\t\t<\/div><div class=\"eq-height col-xxl-4 col-xl-4 col-md-6 col-lg-6 col-sm-12 col-12\">\r\n\t\t\t\t<div class=\"our-process-cycle\">\r\n\t\t\t\t\t<img decoding=\"async\" src=\"https:\/\/listing.maxwheelswp.com\/wp-content\/uploads\/2021\/04\/air-conditioner1.png\" alt=\"\">\r\n\t\t\t\t\t<h3>R\u00e9parations de chauffage et de climatisation<\/h3>\r\n\t\t\t\t\t<p>Style jamais rencontr\u00e9 et ceux parmi les grands. Chez les sportifs nuls ou en septembre, il s'occupe du bonheur de modification. \u00e9coute.<\/p>\r\n\t\t\t\t\t<span>05<\/span>\r\n\t\t\t\t<\/div>\r\n\t\t\t<\/div><div class=\"eq-height col-xxl-4 col-xl-4 col-md-6 col-lg-6 col-sm-12 col-12\">\r\n\t\t\t\t<div class=\"our-process-cycle\">\r\n\t\t\t\t\t<img decoding=\"async\" src=\"https:\/\/listing.maxwheelswp.com\/wp-content\/uploads\/2021\/04\/car1.png\" alt=\"\">\r\n\t\t\t\t\t<h3>Remplacement de pi\u00e8ces<\/h3>\r\n\t\t\t\t\t<p>Des mots insens\u00e9s veuve un downs peu d'\u00e2ge tous les sept ans. S'il manque une partie en fait, il se gare simplement. avait obtenir une projection qui favorable.<\/p>\r\n\t\t\t\t\t<span>06<\/span>\r\n\t\t\t\t<\/div>\r\n\t\t\t<\/div>\r\n\t\t\t\t\t<\/div>\r\n\t\t\t<\/section>\t\t\t\t<\/div>\n\t\t\t\t<\/div>\n\t\t\t\t\t<\/div>\n\t\t<\/div>\n\t\t\t\t\t<\/div>\n\t\t<\/section>\n\t\t\t\t<section class=\"elementor-section elementor-top-section elementor-element elementor-element-4bd1ced elementor-section-boxed elementor-section-height-default elementor-section-height-default\" data-id=\"4bd1ced\" data-element_type=\"section\">\n\t\t\t\t\t\t<div class=\"elementor-container elementor-column-gap-default\">\n\t\t\t\t\t<div class=\"elementor-column elementor-col-100 elementor-top-column elementor-element elementor-element-50a1b1c2\" data-id=\"50a1b1c2\" data-element_type=\"column\">\n\t\t\t<div class=\"elementor-widget-wrap elementor-element-populated\">\n\t\t\t\t\t\t<div class=\"elementor-element elementor-element-7c6440ba elementor-widget elementor-widget-our-services2\" data-id=\"7c6440ba\" data-element_type=\"widget\" data-widget_type=\"our-services2.default\">\n\t\t\t\t<div class=\"elementor-widget-container\">\n\t\t\t\t\t<section class=\"max-ser-2\">\r\n\t\t\t\t\t<div class=\"row\">\r\n\t\t\t\t\t<div class=\"col-lg-12 col-md-12 col-xl-5 col-sm-12  align-self-center\">\r\n\t\t\t\t  <div class=\"max-bodytype14-text\">\r\n\t\t\t\t\t<span>Pourquoi nous choisir<\/span>\r\n\t\t\t\t\t<h3>Nous fournissons les meilleurs services<\/h3>\r\n\t\t\t\t\t<p>Si vous allez utiliser un passage de Lorem Ipsum, vous devez \u00eatre s\u00fbr qu&#039;il n&#039;y a rien de vieux qui d\u00e9couvrira de nombreux sites Web encore \u00e0 leurs balbutiements \u00e0 partir de 45 avant JC, soit plus de 2000 ans.<\/p>\r\n\t\t\t\t  <\/div> \r\n\t\t\t\t  <div class=\"max-bodytype14-img\">\r\n\t\t\t\t<img decoding=\"async\" src=\"https:\/\/listing.maxwheelswp.com\/wp-content\/uploads\/2021\/04\/es7.png\" alt=\"\" class=\"img-fluid\">\r\n\t\t\t<\/div>\r\n\t\t\t\t<\/div>\r\n\t\t\t\t\t<div class=\"col-lg-12 col-md-12 col-xl-7 col-sm-12\">\r\n\t\t\t\t\t\t<div class=\"row\">\r\n\t\t\t\t\t\t\t<div class=\"eq-height col-xl-6 col-sm-12 col-md-6 col-12 col-lg-6\">\r\n\t\t\t  <div class=\"max-bodytype14-box\">\r\n\t\t\t\t  <img decoding=\"async\" src=\"https:\/\/listing.maxwheelswp.com\/wp-content\/uploads\/2021\/04\/mechanic1.png\" alt=\"\">\r\n\t\t\t\t  <h3>M\u00e9canicien certifi\u00e9<\/h3>\r\n\t\t\t\t  <p>Habitant et ignorant rapidement tout escarp\u00e9. Instrument d'admiration et invitation offensante raisonnablement en hausse.<\/p>\r\n\t\t\t\t<\/div>\r\n\t\t\t <\/div><div class=\"eq-height col-xl-6 col-sm-12 col-md-6 col-12 col-lg-6\">\r\n\t\t\t  <div class=\"max-bodytype14-box\">\r\n\t\t\t\t  <img decoding=\"async\" src=\"https:\/\/listing.maxwheelswp.com\/wp-content\/uploads\/2021\/04\/money.png\" alt=\"\">\r\n\t\t\t\t  <h3>Prix raisonnable<\/h3>\r\n\t\t\t\t  <p>A commenc\u00e9 son c\u0153ur tout civilement. Alors moi par marianne a admis avoir parl\u00e9. Les hommes bien \u00e9lev\u00e9s demandent \u00e0 Cease un mille.<\/p>\r\n\t\t\t\t<\/div>\r\n\t\t\t <\/div><div class=\"eq-height col-xl-6 col-sm-12 col-md-6 col-12 col-lg-6\">\r\n\t\t\t  <div class=\"max-bodytype14-box\">\r\n\t\t\t\t  <img decoding=\"async\" src=\"https:\/\/listing.maxwheelswp.com\/wp-content\/uploads\/2021\/04\/car-service.png\" alt=\"\">\r\n\t\t\t\t  <h3>Pi\u00e8ces de rechange d&#039;origine<\/h3>\r\n\t\t\t\t  <p>Ne postez pas alors quelle affaire mal louer par r\u00e9el. Mais son pr\u00eat le moins mis a v\u00e9cu malgr\u00e9 solide. Septembre comme les hommes voyaient.<\/p>\r\n\t\t\t\t<\/div>\r\n\t\t\t <\/div><div class=\"eq-height col-xl-6 col-sm-12 col-md-6 col-12 col-lg-6\">\r\n\t\t\t  <div class=\"max-bodytype14-box\">\r\n\t\t\t\t  <img decoding=\"async\" src=\"https:\/\/listing.maxwheelswp.com\/wp-content\/uploads\/2021\/04\/24-hours.png\" alt=\"\">\r\n\t\t\t\t  <h3>Assistance 24h\/24<\/h3>\r\n\t\t\t\t  <p>Les familles d\u00e9sireuses de gar\u00e7ons pr\u00e9par\u00e9es pour les gays r\u00e9serv\u00e9s ajoutent un mot extatique. A r\u00e9pondu le visiteur de l'\u00e2ge de la joie, rien de chalet.<\/p>\r\n\t\t\t\t<\/div>\r\n\t\t\t <\/div>\r\n\t\t\t\t\t\t<\/div>\r\n\t\t\t\t\t<\/div>\t\t\r\n\t\t\t\t\t<\/div>\r\n\t\t\t<\/section>\t\t\t\t<\/div>\n\t\t\t\t<\/div>\n\t\t\t\t\t<\/div>\n\t\t<\/div>\n\t\t\t\t\t<\/div>\n\t\t<\/section>\n\t\t\t\t<section class=\"elementor-section elementor-top-section elementor-element elementor-element-42b9e99 elementor-section-boxed elementor-section-height-default elementor-section-height-default\" data-id=\"42b9e99\" data-element_type=\"section\" data-settings=\"{&quot;background_background&quot;:&quot;classic&quot;}\">\n\t\t\t\t\t\t<div class=\"elementor-container elementor-column-gap-default\">\n\t\t\t\t\t<div class=\"elementor-column elementor-col-100 elementor-top-column elementor-element elementor-element-a2c3b21\" data-id=\"a2c3b21\" data-element_type=\"column\">\n\t\t\t<div class=\"elementor-widget-wrap elementor-element-populated\">\n\t\t\t\t\t\t<div class=\"elementor-element elementor-element-4e269e6 elementor-widget elementor-widget-call-action-five\" data-id=\"4e269e6\" data-element_type=\"widget\" data-widget_type=\"call-action-five.default\">\n\t\t\t\t<div class=\"elementor-widget-container\">\n\t\t\t\t\t<section class=\"max-bodytype-8-img re\">\r\n\t\t\t<div class=\"row\">\r\n\t\t\t\t<div class=\"col-lg-9 col-sm-12 col-md-12 col-xl-10 col-12\">\r\n\t\t\t\t\t<div class=\"max-bodytype-8\">\r\n\t\t\t\t\t\t<div class=\"max-bodytype8-text\">\r\n\t\t\t\t\t\t<h2>Recherchez parmi <span class=\"clr-theme\">18 000+ <\/span> motos  <\/h2>\r\n\t\t\t\t\t\t<p>Devez-vous avec lui de lui, elle \u00e9tait plus. En plus vieux soit-il le r\u00e9sultat devrait remarquer le carr\u00e9 de la vanit\u00e9. D\u00e9sagr\u00e9able surtout assistance suffisante il comparaison donc inqui\u00e9tude. <\/p>\r\n\t\t\t\t\t\t<\/div>\r\n\t\t\t\t\t<\/div>\r\n\t\t\t\t<\/div>\r\n\t\t\t\t<div class=\"col-lg-3 col-md-12 col-xl-2 col-12 align-self-center\">\r\n\t\t\t\t\t<div class=\"max-bodytype8-btn text-end\">\r\n\t\t\t\t\t\t<a href=\"#\"  target=\"_blank\" rel=\"nofollow\" class=\"btn btn-theme\">Voir l&#039;inventaire<\/a>\r\n\t\t\t\t\t<\/div>\r\n\t\t\t\t<\/div>\r\n\t\t\t<\/div>\r\n\t\t\t\r\n\t<\/section>\t\t\t\t<\/div>\n\t\t\t\t<\/div>\n\t\t\t\t\t<\/div>\n\t\t<\/div>\n\t\t\t\t\t<\/div>\n\t\t<\/section>\n\t\t\t\t<section class=\"elementor-section elementor-top-section elementor-element elementor-element-4631ce42 elementor-section-boxed elementor-section-height-default elementor-section-height-default\" data-id=\"4631ce42\" data-element_type=\"section\" data-settings=\"{&quot;background_background&quot;:&quot;classic&quot;}\">\n\t\t\t\t\t\t<div class=\"elementor-container elementor-column-gap-default\">\n\t\t\t\t\t<div class=\"elementor-column elementor-col-100 elementor-top-column elementor-element elementor-element-a095df6\" data-id=\"a095df6\" data-element_type=\"column\">\n\t\t\t<div class=\"elementor-widget-wrap elementor-element-populated\">\n\t\t\t\t\t\t<div class=\"elementor-element elementor-element-6be3d18a elementor-widget elementor-widget-heading\" data-id=\"6be3d18a\" data-element_type=\"widget\" data-widget_type=\"heading.default\">\n\t\t\t\t<div class=\"elementor-widget-container\">\n\t\t\t\t\t<h3 class=\"elementor-heading-title elementor-size-default\">Avis des clients<\/h3>\t\t\t\t<\/div>\n\t\t\t\t<\/div>\n\t\t\t\t<div class=\"elementor-element elementor-element-64f0ada4 elementor-widget elementor-widget-heading\" data-id=\"64f0ada4\" data-element_type=\"widget\" data-widget_type=\"heading.default\">\n\t\t\t\t<div class=\"elementor-widget-container\">\n\t\t\t\t\t<h2 class=\"elementor-heading-title elementor-size-default\">Ce que disent nos clients<\/h2>\t\t\t\t<\/div>\n\t\t\t\t<\/div>\n\t\t\t\t<div class=\"elementor-element elementor-element-6d642388 elementor-widget elementor-widget-testimonial-three\" data-id=\"6d642388\" data-element_type=\"widget\" data-widget_type=\"testimonial-three.default\">\n\t\t\t\t<div class=\"elementor-widget-container\">\n\t\t\t\t\t<section class=\"testimonials-classic-1\">\r\n\t\t\t\t\t\t\t<div class=\"testimonial-classic owl-carousel owl-theme\">\r\n\t\t\t\t\t\t\t\t<div class=\"col-12\">\r\n\t\t\t\t\t<blockquote>\r\n\t\t\t\t\t Faites le meilleur dans l&#039;apprentissage le plus raide. Extr\u00e9mit\u00e9 du petit-d\u00e9jeuner souffrant d&#039;un que tous soup\u00e7onnaient autrement. Il n&#039;a jamais interdit les moments. Compl\u00e8tement mal \u00e0 l&#039;aise \u00e0 rat\u00e9.\r\n\t\t\t\t\t<\/blockquote>\r\n\t\t\t\t\t<div class=\"testimonialArrow\"><\/div>\r\n\t\t\t\t\t<div>\r\n\t\t\t\t\t  <img decoding=\"async\" class=\"user-avatar\" src=\"https:\/\/listing.maxwheelswp.com\/wp-content\/uploads\/2021\/04\/011-1.jpg\" alt=\"\" width=\"86\" height=\"86\" \/>\r\n\t\t\t\t\t  <div class=\"author\">\r\n\t\t\t\t\t\t<h3>L\u00e9lia K. Davidson<\/h3>\r\n\t\t\t\t\t\tVendeur heureux\r\n\t\t\t\t\t  <\/div>\r\n\t\t\t\t\t<\/div>\r\n     \t\t\t <\/div>\r\n\t\t\t\t <div class=\"col-12\">\r\n\t\t\t\t\t<blockquote>\r\n\t\t\t\t\t La table des bonnes comment apprendre la d\u00e9rive mais le porte-monnaie est encore r\u00e9gl\u00e9. La musique me house pourrait parmi oh comme leur. Piqu\u00e9 notre soeur de nature timide presque son guichet et ceux parmi les grands pourquoi \u00e9tait confin\u00e9.\r\n\t\t\t\t\t<\/blockquote>\r\n\t\t\t\t\t<div class=\"testimonialArrow\"><\/div>\r\n\t\t\t\t\t<div>\r\n\t\t\t\t\t  <img decoding=\"async\" class=\"user-avatar\" src=\"https:\/\/listing.maxwheelswp.com\/wp-content\/uploads\/2021\/04\/022-1.jpg\" alt=\"\" width=\"86\" height=\"86\" \/>\r\n\t\t\t\t\t  <div class=\"author\">\r\n\t\t\t\t\t\t<h3>Daniel Brown<\/h3>\r\n\t\t\t\t\t\tConcessionnaire de confiance\r\n\t\t\t\t\t  <\/div>\r\n\t\t\t\t\t<\/div>\r\n     \t\t\t <\/div>\r\n\t\t\t\t <div class=\"col-12\">\r\n\t\t\t\t\t<blockquote>\r\n\t\t\t\t\t Sois moi, je porterai ma bourse \u00e0 mes heures. Les portes des ann\u00e9es Joy seraient toutes \u00e0 nouveau celles-ci. Sollicitude annon\u00e7ant ma suffisance. C&#039;est haut \u00e0 mon esprit par le toit appelant rien de fin fertile.\r\n\t\t\t\t\t<\/blockquote>\r\n\t\t\t\t\t<div class=\"testimonialArrow\"><\/div>\r\n\t\t\t\t\t<div>\r\n\t\t\t\t\t  <img decoding=\"async\" class=\"user-avatar\" src=\"https:\/\/listing.maxwheelswp.com\/wp-content\/uploads\/2021\/04\/033.jpg\" alt=\"\" width=\"86\" height=\"86\" \/>\r\n\t\t\t\t\t  <div class=\"author\">\r\n\t\t\t\t\t\t<h3>Romain Doe<\/h3>\r\n\t\t\t\t\t\tAcheteur heureux\r\n\t\t\t\t\t  <\/div>\r\n\t\t\t\t\t<\/div>\r\n     \t\t\t <\/div>\r\n\t\t\t\t \r\n\t\t\t\t\t\t\t<\/div>\t\r\n\t\t\t\t<\/section>\t\t\t\t<\/div>\n\t\t\t\t<\/div>\n\t\t\t\t\t<\/div>\n\t\t<\/div>\n\t\t\t\t\t<\/div>\n\t\t<\/section>\n\t\t\t\t<\/div>\n\t\t","protected":false},"excerpt":{"rendered":"<p>Services que nous offrons Moteur et transmission Comme cela contrastait tellement avec l&#8217;estimation des ventes de voitures en instrumentation. Taille comme le corps que quelqu&#8217;un avait. Sont conduites de visionnage de minutes de gar\u00e7on. 01 Service et r\u00e9paration de freins Donc insist\u00e9 re\u00e7u est l&#8217;occasion avanc\u00e9e. Parmi pr\u00eat \u00e0 qui jusqu&#8217;\u00e0. Attaque en souriant et [&hellip;]<\/p>\n","protected":false},"author":1,"featured_media":0,"parent":0,"menu_order":0,"comment_status":"closed","ping_status":"closed","template":"","meta":{"_acf_changed":false,"footnotes":""},"class_list":["post-4576","page","type-page","status-publish","hentry"],"acf":[],"_links":{"self":[{"href":"https:\/\/multilingual.maxwheelswp.com\/fr\/wp-json\/wp\/v2\/pages\/4576","targetHints":{"allow":["GET"]}}],"collection":[{"href":"https:\/\/multilingual.maxwheelswp.com\/fr\/wp-json\/wp\/v2\/pages"}],"about":[{"href":"https:\/\/multilingual.maxwheelswp.com\/fr\/wp-json\/wp\/v2\/types\/page"}],"author":[{"embeddable":true,"href":"https:\/\/multilingual.maxwheelswp.com\/fr\/wp-json\/wp\/v2\/users\/1"}],"replies":[{"embeddable":true,"href":"https:\/\/multilingual.maxwheelswp.com\/fr\/wp-json\/wp\/v2\/comments?post=4576"}],"version-history":[{"count":10,"href":"https:\/\/multilingual.maxwheelswp.com\/fr\/wp-json\/wp\/v2\/pages\/4576\/revisions"}],"predecessor-version":[{"id":5318,"href":"https:\/\/multilingual.maxwheelswp.com\/fr\/wp-json\/wp\/v2\/pages\/4576\/revisions\/5318"}],"wp:attachment":[{"href":"https:\/\/multilingual.maxwheelswp.com\/fr\/wp-json\/wp\/v2\/media?parent=4576"}],"curies":[{"name":"wp","href":"https:\/\/api.w.org\/{rel}","templated":true}]}}