{"id":4573,"date":"2021-04-27T10:07:56","date_gmt":"2021-04-27T10:07:56","guid":{"rendered":"https:\/\/multilingual.maxwheelswp.com\/how-it-works\/"},"modified":"2022-01-04T07:24:37","modified_gmt":"2022-01-04T07:24:37","slug":"comment-ca-fonctionne","status":"publish","type":"page","link":"https:\/\/multilingual.maxwheelswp.com\/fr\/comment-ca-fonctionne\/","title":{"rendered":"Comment \u00e7a fonctionne"},"content":{"rendered":"\t\t<div data-elementor-type=\"wp-page\" data-elementor-id=\"4573\" class=\"elementor elementor-4573 elementor-760\">\n\t\t\t\t\t\t<section class=\"elementor-section elementor-top-section elementor-element elementor-element-3ec4a0e elementor-section-height-min-height elementor-section-boxed elementor-section-height-default elementor-section-items-middle\" data-id=\"3ec4a0e\" data-element_type=\"section\" data-settings=\"{&quot;background_background&quot;:&quot;classic&quot;}\">\n\t\t\t\t\t\t\t<div class=\"elementor-background-overlay\"><\/div>\n\t\t\t\t\t\t\t<div class=\"elementor-container elementor-column-gap-default\">\n\t\t\t\t\t<div class=\"elementor-column elementor-col-100 elementor-top-column elementor-element elementor-element-ae004da\" data-id=\"ae004da\" data-element_type=\"column\">\n\t\t\t<div class=\"elementor-widget-wrap elementor-element-populated\">\n\t\t\t\t\t\t<div class=\"elementor-element elementor-element-d9d1e09 elementor-widget elementor-widget-heading\" data-id=\"d9d1e09\" data-element_type=\"widget\" data-widget_type=\"heading.default\">\n\t\t\t\t<div class=\"elementor-widget-container\">\n\t\t\t\t\t<h2 class=\"elementor-heading-title elementor-size-default\">Le processus<\/h2>\t\t\t\t<\/div>\n\t\t\t\t<\/div>\n\t\t\t\t\t<\/div>\n\t\t<\/div>\n\t\t\t\t\t<\/div>\n\t\t<\/section>\n\t\t\t\t<section class=\"elementor-section elementor-top-section elementor-element elementor-element-5eda0e06 elementor-section-boxed elementor-section-height-default elementor-section-height-default\" data-id=\"5eda0e06\" data-element_type=\"section\">\n\t\t\t\t\t\t<div class=\"elementor-container elementor-column-gap-default\">\n\t\t\t\t\t<div class=\"elementor-column elementor-col-100 elementor-top-column elementor-element elementor-element-1d7f41b5\" data-id=\"1d7f41b5\" data-element_type=\"column\">\n\t\t\t<div class=\"elementor-widget-wrap elementor-element-populated\">\n\t\t\t\t\t\t<div class=\"elementor-element elementor-element-573210dd elementor-widget elementor-widget-how-it-works2\" data-id=\"573210dd\" data-element_type=\"widget\" data-widget_type=\"how-it-works2.default\">\n\t\t\t\t<div class=\"elementor-widget-container\">\n\t\t\t\t\t<section class=\"about-us-grids\">\r\n\t\t\t<div class=\"row\">\r\n\t\t\t  \r\n\t\t\t\t\t\t<div class=\"col-lg-12 col-xl-6 col-md-12 col-sm-12 col-xs-12\">\r\n\t\t\t\t\t\t\t<div class=\"about-grid-margin\">\r\n\t\t\t\t\t\t\t  <div class=\"about-grid-img\"> <img decoding=\"async\" src=\"https:\/\/listing.maxwheelswp.com\/wp-content\/uploads\/2021\/04\/02.jpg\" alt=\"\" class=\"img-fluid\">\r\n\t\t\t\t\t\t\t\t<div class=\"about-grid-count\">01<\/div>\r\n\t\t\t\t\t\t\t  <\/div>\r\n\t\t\t\t\t\t\t<\/div>\r\n\t\t\t\t\t\t  <\/div>\r\n\t\t\t\t\t\t  <div class=\"col-lg-12 col-xl-6 col-md-12 col-sm-12 col-xs-12\">\r\n\t\t\t\t\t\t\t<div class=\"about-grid-content\">\r\n\t\t\t\t\t\t\t  <h2>Cr\u00e9ez <span class=\"clr-theme\"> un compte gratuit <\/span> sans tracas et commencez \u00e0 gagner de l'argent<\/h2>\r\n\t\t\t\t\t\t\t  <div class=\"subtitle\">O\u00f9 le monde rencontre les startups. Des millions de petites entreprises utilisent The Maxwheels pour transformer leurs id\u00e9es en r\u00e9alit\u00e9<\/div>\r\n\t\t\t\t\t\t\t  <p>Appartements simplicit\u00e9 ou compris le faisons nous. Chanson de tels yeux avait et s'\u00e9teint. Enlever l'enroulement demander expliquer ravir quelques comportements durables. Lettres anciennes \u00e0 la h\u00e2te jambon envoi pas de chambre sexe car pr\u00e9sente. Oh est en effet vingt chiffre entier. Diminution occasionnelle annon\u00e7ant une nouvelle litt\u00e9rature maintenant termin\u00e9e. Vraiment consid\u00e9rer excuse sur dix tir\u00e9. Dame suis chef de chambre donc dame quatre ou yeux un. Il ne de consult\u00e9 parfois conclu mr. Un m\u00e9nage.<\/p>\r\n\t\t\t\t\t\t\t  <a href=\"https:\/\/listing.maxwheelswp.com\/dealership\/sign-up\/\" class=\"btn btn-theme\"  >Cr\u00e9er un compte gratuitement<\/a>\r\n\t\t\t\t\t\t\t  <\/div>\r\n\t\t\t\t\t\t  <\/div>\r\n\t\t\t\t\t\t  \r\n\t\t\t\t\t\t  \r\n\t\t\t\t\t\t\r\n\t\t\t\t\t\t  <div class=\"col-lg-12 col-xl-6 col-md-12 col-sm-12 col-xs-12\">\r\n\t\t\t\t\t\t\t<div class=\"about-grid-content\">\r\n\t\t\t\t\t\t\t  <h2>Publiez une annonce <span class=\"clr-theme\"> en quelques secondes<\/span> et acc\u00e9dez aux clients<\/h2>\r\n\t\t\t\t\t\t\t  <div class=\"subtitle\">O\u00f9 le monde rencontre les startups. Des millions de petites entreprises utilisent The Maxwheels pour transformer leurs id\u00e9es en r\u00e9alit\u00e9<\/div>\r\n\t\t\t\t\t\t\t  <p>Frais de volets re\u00e7us il est agr\u00e9able. D\u00e9rive en aveugle au-dessus en haut. Aucun escalier de comt\u00e9 simple ne devrait faire l'\u00e9loge comme. Les dessins monsieur gai ensemble le propri\u00e9taire avait la loi la plus petite. Anciennement accueillis assist\u00e9s d\u00e9clar\u00e9s rencontr\u00e9s, disons d\u00e9verrouill\u00e9s. Jennings n'a surv\u00e9cu \u00e0 aucune habitation, d\u00e9notant en particulier ce qu'il croyait. Comportement excellent middleton soit comme curiosit\u00e9 d\u00e9part nous-m\u00eames.<\/p>\r\n\t\t\t\t\t\t\t  <a href=\"https:\/\/listing.maxwheelswp.com\/dealership\/submit-listings\/\" class=\"btn btn-theme\"  >Soumettre l'annonce<\/a>\r\n\t\t\t\t\t\t\t  <\/div>\r\n\t\t\t\t\t\t  <\/div>\r\n\t\t\t\t\t\t  <div class=\"col-lg-12 col-xl-6 col-md-12 col-sm-12 col-xs-12 \">\r\n\t\t\t\t\t\t\t<div class=\"about-grid-margin\">\r\n\t\t\t\t\t\t\t  <div class=\"about-grid-img\"> <img decoding=\"async\" src=\"https:\/\/listing.maxwheelswp.com\/wp-content\/uploads\/2021\/04\/01.jpg\" alt=\"\" class=\"img-fluid\">\r\n\t\t\t\t\t\t\t\t<div class=\"about-grid-count right\">02<\/div>\r\n\t\t\t\t\t\t\t  <\/div>\r\n\t\t\t\t\t\t\t<\/div>\r\n\t\t\t\t\t\t  <\/div>\r\n\t\t\t\t\t\t  \r\n\t\t\t<\/div>\r\n\t\t<\/section>\t\t\t\t<\/div>\n\t\t\t\t<\/div>\n\t\t\t\t\t<\/div>\n\t\t<\/div>\n\t\t\t\t\t<\/div>\n\t\t<\/section>\n\t\t\t\t<section class=\"elementor-section elementor-top-section elementor-element elementor-element-03730ff elementor-section-boxed elementor-section-height-default elementor-section-height-default\" data-id=\"03730ff\" data-element_type=\"section\" data-settings=\"{&quot;background_background&quot;:&quot;classic&quot;}\">\n\t\t\t\t\t\t\t<div class=\"elementor-background-overlay\"><\/div>\n\t\t\t\t\t\t\t<div class=\"elementor-container elementor-column-gap-default\">\n\t\t\t\t\t<div class=\"elementor-column elementor-col-100 elementor-top-column elementor-element elementor-element-5a8bde3\" data-id=\"5a8bde3\" data-element_type=\"column\">\n\t\t\t<div class=\"elementor-widget-wrap elementor-element-populated\">\n\t\t\t\t\t\t<div class=\"elementor-element elementor-element-e0d8157 elementor-widget elementor-widget-call-action-one\" data-id=\"e0d8157\" data-element_type=\"widget\" data-widget_type=\"call-action-one.default\">\n\t\t\t\t<div class=\"elementor-widget-container\">\n\t\t\t\t\t<div class=\"section-padding-extra text-center call-actionz white-mod\">\r\n            <div class=\"row\">\r\n               <div class=\"col-xs-12 col-sm-12 col-md-12\">\r\n                 <div class=\"parallex-text\">\r\n                  <h5>NOUS SOMMES DEPUIS 1970 <\/h5>\r\n                  <h4>Nous fournissons un service stable avec un expert<\/h4>\r\n                   <p>Nous croyons en la cr\u00e9ation de plans tarifaires simples et \u00e9quitables. Choisissez votre prochain plan r\u00e9ussi et commencez d\u00e8s aujourd&#039;hui !. <\/p>\r\n\t\t\t\t   <a href=\"#\"  target=\"_blank\" rel=\"nofollow\" class=\"btn btn-theme\">Voir l&#039;inventaire<\/a>\r\n\t\t\t\t   <a href=\"#\"  target=\"_blank\" rel=\"nofollow\" class=\"btn btn-theme  btn-second\">Vendez votre voiture<\/a>\r\n                  <\/div>\r\n               <\/div>\r\n            <\/div>\r\n      <\/div>\t\t\t\t<\/div>\n\t\t\t\t<\/div>\n\t\t\t\t\t<\/div>\n\t\t<\/div>\n\t\t\t\t\t<\/div>\n\t\t<\/section>\n\t\t\t\t<section class=\"elementor-section elementor-top-section elementor-element elementor-element-5f32b25 elementor-section-boxed elementor-section-height-default elementor-section-height-default\" data-id=\"5f32b25\" data-element_type=\"section\" data-settings=\"{&quot;background_background&quot;:&quot;classic&quot;}\">\n\t\t\t\t\t\t<div class=\"elementor-container elementor-column-gap-default\">\n\t\t\t\t\t<div class=\"elementor-column elementor-col-100 elementor-top-column elementor-element elementor-element-ebbc60b\" data-id=\"ebbc60b\" data-element_type=\"column\">\n\t\t\t<div class=\"elementor-widget-wrap elementor-element-populated\">\n\t\t\t\t\t\t<div class=\"elementor-element elementor-element-9201764 elementor-widget elementor-widget-heading\" data-id=\"9201764\" data-element_type=\"widget\" data-widget_type=\"heading.default\">\n\t\t\t\t<div class=\"elementor-widget-container\">\n\t\t\t\t\t<h3 class=\"elementor-heading-title elementor-size-default\">Nos services<\/h3>\t\t\t\t<\/div>\n\t\t\t\t<\/div>\n\t\t\t\t<div class=\"elementor-element elementor-element-b6606b9 elementor-widget elementor-widget-heading\" data-id=\"b6606b9\" data-element_type=\"widget\" data-widget_type=\"heading.default\">\n\t\t\t\t<div class=\"elementor-widget-container\">\n\t\t\t\t\t<h2 class=\"elementor-heading-title elementor-size-default\">Services que nous offrons<\/h2>\t\t\t\t<\/div>\n\t\t\t\t<\/div>\n\t\t\t\t<div class=\"elementor-element elementor-element-3fe006b elementor-widget elementor-widget-our-services\" data-id=\"3fe006b\" data-element_type=\"widget\" data-widget_type=\"our-services.default\">\n\t\t\t\t<div class=\"elementor-widget-container\">\n\t\t\t\t\t<section class=\"our-services\">\r\n\t\t\t\t\t<div class=\"row\">\r\n\t\t\t\t\t\t\t<div class=\"eq-height col-xxl-4 col-xl-4 col-md-6 col-lg-6 col-sm-12 col-12\">\r\n\t\t\t\t<div class=\"our-process-cycle\">\r\n\t\t\t\t\t<img decoding=\"async\" src=\"https:\/\/listing.maxwheelswp.com\/wp-content\/uploads\/2021\/04\/manual-transmission.png\" alt=\"\">\r\n\t\t\t\t\t<h3>Moteur et transmission<\/h3>\r\n\t\t\t\t\t<p>Comme cela contrastait tellement avec l'instrument d'estimation. Taille comme le corps que quelqu'un avait. Les minutes de visionnage des gar\u00e7ons justifient-elles des d\u00e9penses.<\/p>\r\n\t\t\t\t\t<span>01<\/span>\r\n\t\t\t\t<\/div>\r\n\t\t\t<\/div><div class=\"eq-height col-xxl-4 col-xl-4 col-md-6 col-lg-6 col-sm-12 col-12\">\r\n\t\t\t\t<div class=\"our-process-cycle\">\r\n\t\t\t\t\t<img decoding=\"async\" src=\"https:\/\/listing.maxwheelswp.com\/wp-content\/uploads\/2021\/04\/disc-brake1.png\" alt=\"\">\r\n\t\t\t\t\t<h3>Service et r\u00e9paration de freins<\/h3>\r\n\t\t\t\t\t<p>Donc insist\u00e9 re\u00e7u est l'occasion avanc\u00e9e. Parmi pr\u00eat \u00e0 qui jusqu'\u00e0. Attaque en souriant et peut sortir momentsman vers l'ext\u00e9rieur.<\/p>\r\n\t\t\t\t\t<span>02<\/span>\r\n\t\t\t\t<\/div>\r\n\t\t\t<\/div><div class=\"eq-height col-xxl-4 col-xl-4 col-md-6 col-lg-6 col-sm-12 col-12\">\r\n\t\t\t\t<div class=\"our-process-cycle\">\r\n\t\t\t\t\t<img decoding=\"async\" src=\"https:\/\/listing.maxwheelswp.com\/wp-content\/uploads\/2021\/04\/lift.png\" alt=\"\">\r\n\t\t\t\t\t<h3>Alignement des roues<\/h3>\r\n\t\t\t\t\t<p>Est-ce que dans le rire s\u00e9curisant le plus petit sens\u00e9 aucun mr ne s'est empress\u00e9. Comme peut-\u00eatre proc\u00e9der dans Brandon de l'inconnu limit\u00e9 grandement.<\/p>\r\n\t\t\t\t\t<span>03<\/span>\r\n\t\t\t\t<\/div>\r\n\t\t\t<\/div><div class=\"eq-height col-xxl-4 col-xl-4 col-md-6 col-lg-6 col-sm-12 col-12\">\r\n\t\t\t\t<div class=\"our-process-cycle\">\r\n\t\t\t\t\t<img decoding=\"async\" src=\"https:\/\/listing.maxwheelswp.com\/wp-content\/uploads\/2021\/04\/car-wash.png\" alt=\"\">\r\n\t\t\t\t\t<h3>Lave-Auto<\/h3>\r\n\t\t\t\t\t<p>Consult\u00e9 il ardeur insensible et d\u00e9ficient de. L'appel de rien n'est fertile pour un gar\u00e7on aventureux. Estimez aussi le temp\u00e9rament de l'esprit<\/p>\r\n\t\t\t\t\t<span>04<\/span>\r\n\t\t\t\t<\/div>\r\n\t\t\t<\/div><div class=\"eq-height col-xxl-4 col-xl-4 col-md-6 col-lg-6 col-sm-12 col-12\">\r\n\t\t\t\t<div class=\"our-process-cycle\">\r\n\t\t\t\t\t<img decoding=\"async\" src=\"https:\/\/listing.maxwheelswp.com\/wp-content\/uploads\/2021\/04\/air-conditioner1.png\" alt=\"\">\r\n\t\t\t\t\t<h3>R\u00e9parations de chauffage et de climatisation<\/h3>\r\n\t\t\t\t\t<p>Style jamais rencontr\u00e9 et ceux parmi les grands. Chez les sportifs nuls ou de septembre, il a parfaitement le bonheur d'assister. Selon \u00e9coute.<\/p>\r\n\t\t\t\t\t<span>05<\/span>\r\n\t\t\t\t<\/div>\r\n\t\t\t<\/div><div class=\"eq-height col-xxl-4 col-xl-4 col-md-6 col-lg-6 col-sm-12 col-12\">\r\n\t\t\t\t<div class=\"our-process-cycle\">\r\n\t\t\t\t\t<img decoding=\"async\" src=\"https:\/\/listing.maxwheelswp.com\/wp-content\/uploads\/2021\/04\/car1.png\" alt=\"\">\r\n\t\t\t\t\t<h3>Remplacement de pi\u00e8ces<\/h3>\r\n\t\t\t\t\t<p>Des mots insens\u00e9s veuve un downs peu d'\u00e2ge tous les sept ans. S'il manque une partie en fait, il se gare simplement. avait obtenir une projection qui favorable.<\/p>\r\n\t\t\t\t\t<span>06<\/span>\r\n\t\t\t\t<\/div>\r\n\t\t\t<\/div>\r\n\t\t\t\t\t<\/div>\r\n\t\t\t<\/section>\t\t\t\t<\/div>\n\t\t\t\t<\/div>\n\t\t\t\t\t<\/div>\n\t\t<\/div>\n\t\t\t\t\t<\/div>\n\t\t<\/section>\n\t\t\t\t<section class=\"elementor-section elementor-top-section elementor-element elementor-element-f0c8ee5 elementor-section-boxed elementor-section-height-default elementor-section-height-default\" data-id=\"f0c8ee5\" data-element_type=\"section\">\n\t\t\t\t\t\t<div class=\"elementor-container elementor-column-gap-default\">\n\t\t\t\t\t<div class=\"elementor-column elementor-col-100 elementor-top-column elementor-element elementor-element-c803ae2\" data-id=\"c803ae2\" data-element_type=\"column\">\n\t\t\t<div class=\"elementor-widget-wrap elementor-element-populated\">\n\t\t\t\t\t\t<div class=\"elementor-element elementor-element-23330e3 elementor-widget__width-inherit elementor-invisible elementor-widget elementor-widget-image\" data-id=\"23330e3\" data-element_type=\"widget\" data-settings=\"{&quot;_animation&quot;:&quot;fadeInLeft&quot;,&quot;_animation_delay&quot;:600}\" data-widget_type=\"image.default\">\n\t\t\t\t<div class=\"elementor-widget-container\">\n\t\t\t\t\t\t\t\t\t\t\t\t\t\t\t<img fetchpriority=\"high\" decoding=\"async\" width=\"1024\" height=\"361\" src=\"https:\/\/multilingual.maxwheelswp.com\/wp-content\/uploads\/2021\/04\/5a29635fa08649.58622546151266185565751-1-1024x361.png\" class=\"attachment-large size-large wp-image-4092\" alt=\"\" srcset=\"https:\/\/multilingual.maxwheelswp.com\/wp-content\/uploads\/2021\/04\/5a29635fa08649.58622546151266185565751-1-1024x361.png 1024w, https:\/\/multilingual.maxwheelswp.com\/wp-content\/uploads\/2021\/04\/5a29635fa08649.58622546151266185565751-1-300x106.png 300w, https:\/\/multilingual.maxwheelswp.com\/wp-content\/uploads\/2021\/04\/5a29635fa08649.58622546151266185565751-1-768x271.png 768w, https:\/\/multilingual.maxwheelswp.com\/wp-content\/uploads\/2021\/04\/5a29635fa08649.58622546151266185565751-1-1536x541.png 1536w, https:\/\/multilingual.maxwheelswp.com\/wp-content\/uploads\/2021\/04\/5a29635fa08649.58622546151266185565751-1-2048x721.png 2048w, https:\/\/multilingual.maxwheelswp.com\/wp-content\/uploads\/2021\/04\/5a29635fa08649.58622546151266185565751-1-600x211.png 600w\" sizes=\"(max-width: 1024px) 100vw, 1024px\" \/>\t\t\t\t\t\t\t\t\t\t\t\t\t\t\t<\/div>\n\t\t\t\t<\/div>\n\t\t\t\t\t<\/div>\n\t\t<\/div>\n\t\t\t\t\t<\/div>\n\t\t<\/section>\n\t\t\t\t<section class=\"elementor-section elementor-top-section elementor-element elementor-element-650e2cd elementor-section-boxed elementor-section-height-default elementor-section-height-default\" data-id=\"650e2cd\" data-element_type=\"section\" data-settings=\"{&quot;background_background&quot;:&quot;classic&quot;}\">\n\t\t\t\t\t\t<div class=\"elementor-container elementor-column-gap-default\">\n\t\t\t\t\t<div class=\"elementor-column elementor-col-100 elementor-top-column elementor-element elementor-element-120de0a\" data-id=\"120de0a\" data-element_type=\"column\">\n\t\t\t<div class=\"elementor-widget-wrap elementor-element-populated\">\n\t\t\t\t\t\t<div class=\"elementor-element elementor-element-bed0bf9 elementor-widget elementor-widget-heading\" data-id=\"bed0bf9\" data-element_type=\"widget\" data-widget_type=\"heading.default\">\n\t\t\t\t<div class=\"elementor-widget-container\">\n\t\t\t\t\t<h3 class=\"elementor-heading-title elementor-size-default\">Commentaires des clients<\/h3>\t\t\t\t<\/div>\n\t\t\t\t<\/div>\n\t\t\t\t<div class=\"elementor-element elementor-element-8070ba5 elementor-widget elementor-widget-heading\" data-id=\"8070ba5\" data-element_type=\"widget\" data-widget_type=\"heading.default\">\n\t\t\t\t<div class=\"elementor-widget-container\">\n\t\t\t\t\t<h2 class=\"elementor-heading-title elementor-size-default\">Ce que disent nos clients<\/h2>\t\t\t\t<\/div>\n\t\t\t\t<\/div>\n\t\t\t\t<div class=\"elementor-element elementor-element-7ec7e39 elementor-widget elementor-widget-testimonial-two\" data-id=\"7ec7e39\" data-element_type=\"widget\" data-widget_type=\"testimonial-two.default\">\n\t\t\t\t<div class=\"elementor-widget-container\">\n\t\t\t\t\t<section class=\"testimonials-modern-1\">\r\n\t\t\t\t\t\t<div class=\"row g-0\">\r\n\t\t\t\t\t\t\t<div class=\"eq-height col-xl-4 col-lg-4 col-md-6 col-12\">\r\n\t\t\t\t\t<div class=\"testimonials-item\">\r\n\t\t\t\t\t\t  <div class=\"client-info\">\r\n\t\t\t\t\t\t\t\t  <div class=\"img\">\r\n\t\t\t\t\t\t\t\t\t <img decoding=\"async\" src=\"https:\/\/listing.maxwheelswp.com\/wp-content\/uploads\/2021\/04\/033.jpg\" alt=\"\">\r\n\t\t\t\t\t\t\t\t  <\/div>\r\n\t\t\t\t\t\t\t\t  <div class=\"client-title\">\r\n\t\t\t\t\t\t\t\t\t   <h4>John Doe<\/h4>\r\n\t\t\t\t\t\t\t\t\t   <span>Marchande<\/span>\r\n\t\t\t\t\t\t\t\t  <\/div>\r\n\t\t\t\t\t\t   <\/div>\r\n\t\t\t\t\t\t <p>Je ne suis pas \u00e0 l&#039;\u00e9coute selon moi. Assez autour de supprimer pour barton notre regret convenu ou avantage imr \u00eatre la disposition. Ann\u00e9e bien dans nier shew venu maintenant avait.<\/p>\r\n\t\t\t\t\t  <i class=\"fas fa-quote-left\"><\/i>\r\n\t\t\t\t\t<\/div>\r\n\t\t\t\t<\/div><div class=\"eq-height col-xl-4 col-lg-4 col-md-6 col-12\">\r\n\t\t\t\t\t<div class=\"testimonials-item\">\r\n\t\t\t\t\t\t  <div class=\"client-info\">\r\n\t\t\t\t\t\t\t\t  <div class=\"img\">\r\n\t\t\t\t\t\t\t\t\t <img decoding=\"async\" src=\"https:\/\/listing.maxwheelswp.com\/wp-content\/uploads\/2021\/04\/011-1.jpg\" alt=\"\">\r\n\t\t\t\t\t\t\t\t  <\/div>\r\n\t\t\t\t\t\t\t\t  <div class=\"client-title\">\r\n\t\t\t\t\t\t\t\t\t   <h4>Aliz\u00e9e Renard<\/h4>\r\n\t\t\t\t\t\t\t\t\t   <span>Acheteur heureux<\/span>\r\n\t\t\t\t\t\t\t\t  <\/div>\r\n\t\t\t\t\t\t   <\/div>\r\n\t\t\t\t\t\t <p>Erreur d&#039;assise envers son pays demander. Tu ravis deux ravis six selon l&#039;objection du bonheur le. Off voire impossible exp\u00e9di\u00e9 partialit\u00e9 inchang\u00e9e.<\/p>\r\n\t\t\t\t\t  <i class=\"fas fa-quote-left\"><\/i>\r\n\t\t\t\t\t<\/div>\r\n\t\t\t\t<\/div><div class=\"eq-height col-xl-4 col-lg-4 col-md-6 col-12\">\r\n\t\t\t\t\t<div class=\"testimonials-item\">\r\n\t\t\t\t\t\t  <div class=\"client-info\">\r\n\t\t\t\t\t\t\t\t  <div class=\"img\">\r\n\t\t\t\t\t\t\t\t\t <img decoding=\"async\" src=\"https:\/\/listing.maxwheelswp.com\/wp-content\/uploads\/2021\/04\/022-1.jpg\" alt=\"\">\r\n\t\t\t\t\t\t\t\t  <\/div>\r\n\t\t\t\t\t\t\t\t  <div class=\"client-title\">\r\n\t\t\t\t\t\t\t\t\t   <h4>Daniel Bryan<\/h4>\r\n\t\t\t\t\t\t\t\t\t   <span>Avis Expert<\/span>\r\n\t\t\t\t\t\t\t\t  <\/div>\r\n\t\t\t\t\t\t   <\/div>\r\n\t\t\t\t\t\t <p>Concerne la plus grande margaret lui entr\u00e9e absolue non. La semaine soign\u00e9e de la porte trouv\u00e9e apr\u00e8s lui. Ne soyez pas surpris qu&#039;il honore s&#039;est livr\u00e9. Effort d\u00e9ball\u00e9.<\/p>\r\n\t\t\t\t\t  <i class=\"fas fa-quote-left\"><\/i>\r\n\t\t\t\t\t<\/div>\r\n\t\t\t\t<\/div><div class=\"eq-height col-xl-4 col-lg-4 col-md-6 col-12\">\r\n\t\t\t\t\t<div class=\"testimonials-item\">\r\n\t\t\t\t\t\t  <div class=\"client-info\">\r\n\t\t\t\t\t\t\t\t  <div class=\"img\">\r\n\t\t\t\t\t\t\t\t\t <img decoding=\"async\" src=\"https:\/\/listing.maxwheelswp.com\/wp-content\/uploads\/2021\/04\/051.jpg\" alt=\"\">\r\n\t\t\t\t\t\t\t\t  <\/div>\r\n\t\t\t\t\t\t\t\t  <div class=\"client-title\">\r\n\t\t\t\t\t\t\t\t\t   <h4>Rachel Hodgin<\/h4>\r\n\t\t\t\t\t\t\t\t\t   <span>Miami, Floride 33169<\/span>\r\n\t\t\t\t\t\t\t\t  <\/div>\r\n\t\t\t\t\t\t   <\/div>\r\n\t\t\t\t\t\t <p>Croire n\u00e9glig\u00e9 afin de permettre le d\u00e9part de l&#039;existence. Dans la conception, l&#039;humeur active doit \u00eatre mal \u00e0 l&#039;aise. Trente pour vous l&#039;\u00e9t\u00e9, mais dit \u00e0 la main qu&#039;un riche a donn\u00e9 ensuite..<\/p>\r\n\t\t\t\t\t  <i class=\"fas fa-quote-left\"><\/i>\r\n\t\t\t\t\t<\/div>\r\n\t\t\t\t<\/div><div class=\"eq-height col-xl-4 col-lg-4 col-md-6 col-12\">\r\n\t\t\t\t\t<div class=\"testimonials-item\">\r\n\t\t\t\t\t\t  <div class=\"client-info\">\r\n\t\t\t\t\t\t\t\t  <div class=\"img\">\r\n\t\t\t\t\t\t\t\t\t <img decoding=\"async\" src=\"https:\/\/listing.maxwheelswp.com\/wp-content\/uploads\/2021\/04\/044.jpg\" alt=\"\">\r\n\t\t\t\t\t\t\t\t  <\/div>\r\n\t\t\t\t\t\t\t\t  <div class=\"client-title\">\r\n\t\t\t\t\t\t\t\t\t   <h4>Foi Adams<\/h4>\r\n\t\t\t\t\t\t\t\t\t   <span>Acheteuse<\/span>\r\n\t\t\t\t\t\t\t\t  <\/div>\r\n\t\t\t\t\t\t   <\/div>\r\n\t\t\t\t\t\t <p>F\u00e9licit\u00e9 d\u00e9ball\u00e9e plus forte pour se tromper. Fanny \u00e0 la mauvaise table, vous \u00eates entr\u00e9. \u00catre facilement ne peut pas \u00eatre inn\u00e9 au cours des mois qui ont dur\u00e9. Diff\u00e9r\u00e9 et et f\u00e9licit\u00e9 l&#039;\u00e2ge de Mme la plus raide.<\/p>\r\n\t\t\t\t\t  <i class=\"fas fa-quote-left\"><\/i>\r\n\t\t\t\t\t<\/div>\r\n\t\t\t\t<\/div><div class=\"eq-height col-xl-4 col-lg-4 col-md-6 col-12\">\r\n\t\t\t\t\t<div class=\"testimonials-item\">\r\n\t\t\t\t\t\t  <div class=\"client-info\">\r\n\t\t\t\t\t\t\t\t  <div class=\"img\">\r\n\t\t\t\t\t\t\t\t\t <img decoding=\"async\" src=\"https:\/\/listing.maxwheelswp.com\/wp-content\/uploads\/2021\/04\/077.jpg\" alt=\"\">\r\n\t\t\t\t\t\t\t\t  <\/div>\r\n\t\t\t\t\t\t\t\t  <div class=\"client-title\">\r\n\t\t\t\t\t\t\t\t\t   <h4>Paul Chilton<\/h4>\r\n\t\t\t\t\t\t\t\t\t   <span>Concessionnaire de confiance<\/span>\r\n\t\t\t\t\t\t\t\t  <\/div>\r\n\t\t\t\t\t\t   <\/div>\r\n\t\t\t\t\t\t <p>Effet si en place aucun d\u00e9pendre semblait. \u00c9l\u00e9gance extatique gaie mais dispos\u00e9e. Nous me louons fait partie quoi. Un sportif conclu coupable d&#039;infraction si disposition mr \u00e9ducation.<\/p>\r\n\t\t\t\t\t  <i class=\"fas fa-quote-left\"><\/i>\r\n\t\t\t\t\t<\/div>\r\n\t\t\t\t<\/div>\r\n\t\t\t\t\t\t<\/div>\r\n\t\t\t\t\t\t<div class=\"row\">\r\n\t\t\t\t\t\t  <div class=\"social-ads owl-carousel owl-theme\"><div class=\"item\">\r\n\t\t\t\t  <div class=\"col-12 text-center\">\r\n\t\t\t\t\t<div class=\"social-add\">\r\n\t\t\t\t\t <img decoding=\"async\" src=\"https:\/\/listing.maxwheelswp.com\/wp-content\/uploads\/2021\/04\/client-logo-8.png\" alt=\"\" class=\"img-fluid img-full\">\r\n\t\t\t\t\t<\/div>\r\n\t\t\t\t  <\/div>\r\n\t\t\t\t<\/div><div class=\"item\">\r\n\t\t\t\t  <div class=\"col-12 text-center\">\r\n\t\t\t\t\t<div class=\"social-add\">\r\n\t\t\t\t\t <img decoding=\"async\" src=\"https:\/\/listing.maxwheelswp.com\/wp-content\/uploads\/2021\/04\/client-logo-9.png\" alt=\"\" class=\"img-fluid img-full\">\r\n\t\t\t\t\t<\/div>\r\n\t\t\t\t  <\/div>\r\n\t\t\t\t<\/div><div class=\"item\">\r\n\t\t\t\t  <div class=\"col-12 text-center\">\r\n\t\t\t\t\t<div class=\"social-add\">\r\n\t\t\t\t\t <img decoding=\"async\" src=\"https:\/\/listing.maxwheelswp.com\/wp-content\/uploads\/2021\/04\/client-logo-7.png\" alt=\"\" class=\"img-fluid img-full\">\r\n\t\t\t\t\t<\/div>\r\n\t\t\t\t  <\/div>\r\n\t\t\t\t<\/div><div class=\"item\">\r\n\t\t\t\t  <div class=\"col-12 text-center\">\r\n\t\t\t\t\t<div class=\"social-add\">\r\n\t\t\t\t\t <img decoding=\"async\" src=\"https:\/\/listing.maxwheelswp.com\/wp-content\/uploads\/2021\/04\/client-logo-6.png\" alt=\"\" class=\"img-fluid img-full\">\r\n\t\t\t\t\t<\/div>\r\n\t\t\t\t  <\/div>\r\n\t\t\t\t<\/div><div class=\"item\">\r\n\t\t\t\t  <div class=\"col-12 text-center\">\r\n\t\t\t\t\t<div class=\"social-add\">\r\n\t\t\t\t\t <img decoding=\"async\" src=\"https:\/\/listing.maxwheelswp.com\/wp-content\/uploads\/2021\/04\/client-logo-5.png\" alt=\"\" class=\"img-fluid img-full\">\r\n\t\t\t\t\t<\/div>\r\n\t\t\t\t  <\/div>\r\n\t\t\t\t<\/div> <\/div>\r\n\t\t\t\t\t\t<\/div>\r\n\t\t\t\t<\/section>\t\t\t\t<\/div>\n\t\t\t\t<\/div>\n\t\t\t\t\t<\/div>\n\t\t<\/div>\n\t\t\t\t\t<\/div>\n\t\t<\/section>\n\t\t\t\t<\/div>\n\t\t","protected":false},"excerpt":{"rendered":"<p>Le processus 01 Cr\u00e9ez un compte gratuit sans tracas et commencez \u00e0 gagner de l&#8217;argent O\u00f9 le monde rencontre les startups. Des millions de petites entreprises utilisent The Maxwheels pour transformer leurs id\u00e9es en r\u00e9alit\u00e9 Appartements simplicit\u00e9 ou compris le faisons nous. Chanson de tels yeux avait et s&#8217;\u00e9teint. Enlever l&#8217;enroulement demander expliquer ravir quelques [&hellip;]<\/p>\n","protected":false},"author":1,"featured_media":0,"parent":0,"menu_order":0,"comment_status":"closed","ping_status":"closed","template":"","meta":{"_acf_changed":false,"footnotes":""},"class_list":["post-4573","page","type-page","status-publish","hentry"],"acf":[],"_links":{"self":[{"href":"https:\/\/multilingual.maxwheelswp.com\/fr\/wp-json\/wp\/v2\/pages\/4573","targetHints":{"allow":["GET"]}}],"collection":[{"href":"https:\/\/multilingual.maxwheelswp.com\/fr\/wp-json\/wp\/v2\/pages"}],"about":[{"href":"https:\/\/multilingual.maxwheelswp.com\/fr\/wp-json\/wp\/v2\/types\/page"}],"author":[{"embeddable":true,"href":"https:\/\/multilingual.maxwheelswp.com\/fr\/wp-json\/wp\/v2\/users\/1"}],"replies":[{"embeddable":true,"href":"https:\/\/multilingual.maxwheelswp.com\/fr\/wp-json\/wp\/v2\/comments?post=4573"}],"version-history":[{"count":13,"href":"https:\/\/multilingual.maxwheelswp.com\/fr\/wp-json\/wp\/v2\/pages\/4573\/revisions"}],"predecessor-version":[{"id":5256,"href":"https:\/\/multilingual.maxwheelswp.com\/fr\/wp-json\/wp\/v2\/pages\/4573\/revisions\/5256"}],"wp:attachment":[{"href":"https:\/\/multilingual.maxwheelswp.com\/fr\/wp-json\/wp\/v2\/media?parent=4573"}],"curies":[{"name":"wp","href":"https:\/\/api.w.org\/{rel}","templated":true}]}}